{"id":162,"date":"2018-04-22T20:11:58","date_gmt":"2018-04-22T23:11:58","guid":{"rendered":"http:\/\/ademp.com.ar\/?page_id=162"},"modified":"2018-04-22T20:36:11","modified_gmt":"2018-04-22T23:36:11","slug":"historia-de-ademp","status":"publish","type":"page","link":"https:\/\/ademp.com.ar\/?page_id=162","title":{"rendered":"Historia"},"content":{"rendered":"<p><strong>Historia de ADEMP<\/strong><\/p>\n<p>La Asociaci\u00f3n de Entidades de Medicina Prepaga, nacida con este nombre y que luego pas\u00f3 a llamarse Asociaci\u00f3n de Entidades de Medicina Privada (a\u00f1o 2005 &#8211; refoma de Estatuto) con los a\u00f1os, m\u00e1s conocida por su sigla ADEMP se constituy\u00f3 el 28 de mayo de 1981.<\/p>\n<p>Se gest\u00f3 ante la inquietud planteada por 21 empresarios y dirigentes del sector privado de Salud que advirtieron la necesidad de contar con un \u00e1mbito de di\u00e1logo e intercambio de experiencias para las instituciones de cobertura m\u00e9dica privada sin estructura asistencial propia (exclusivamente financiadoras del sistema con alguna excepci\u00f3n).<br \/>\nEl estatuto expresa el prop\u00f3sito: &#8220;procurar una adecuada tutela de los intereses comunes de sus asociadas a cuyo fin ejercer\u00e1 la representaci\u00f3n del conjunto integrado por los mismos o de ellas individualmente&#8221;, asumir la representaci\u00f3n de sus Entidades Asociadas con el objeto de promover el perfeccionamiento de la legislaci\u00f3n vigente, relacionada con la actividad del sector, as\u00ed como prestar asesoramiento a entidades p\u00fablicas y\/o privadas en beneficio de la defensa de los intereses comunes y de la poblaci\u00f3n asistida.<\/p>\n<p>Luego de casi tres d\u00e9cadas, la Asociaci\u00f3n mantiene los objetivos fijados por aquel grupo iniciador que con pasi\u00f3n, supo darle forma, sentido, profesionalismo, continuidad y experiencia a la actividad.<\/p>\n<p><b>Los miembros de las entidades fundadoras fueron:<\/b><\/p>\n<ul>\n<li>AMPRI S.A.<\/li>\n<li>AMSA S.A.<\/li>\n<li>ASAM S.R.L.<\/li>\n<li>ATEMA S.R.L.<\/li>\n<li>CENTRO M\u00c9DICO BUENOS AYRES S.A.<\/li>\n<li>CENTRO M\u00c9DICO DEL PLATA S.A.<\/li>\n<li>CEPRIMED S.A.<\/li>\n<li>CORPUS S.R.L.<\/li>\n<li>DIAGNOS S.A.<\/li>\n<li>DOCTHOS S.A<\/li>\n<li>GALENO S.A.<\/li>\n<li>IATROS S.A.<\/li>\n<li>NUBIAL S.A.<\/li>\n<li>OMAJA S.A.<\/li>\n<li>ORG. M\u00c9D. SAN JORGE<\/li>\n<li>SADAM S.C.A.<\/li>\n<li>SAMI S.R.L.<\/li>\n<li>SICARVA<\/li>\n<li>SUMUN S.A.<\/li>\n<li>VESALIO S.A.<\/li>\n<li>VITAM S.A.<\/li>\n<\/ul>\n<p><b>Integraron la primera Comisi\u00f3n Directiva:<\/b><\/p>\n<ul>\n<li>Presidente: Dr. Alberto J. Mazza (GALENO)<\/li>\n<li>Vicepresidente 1\u00ba: Dr. Hern\u00e1n Robredo (O.M. SAN JORGE)<\/li>\n<li>Vicepresidente 2\u00ba: Cdor. Eduardo L. Schiaffino (DOCTHOS)<\/li>\n<li>Secretario: Sr. Miguel \u00c1ngel Condomi Alcorta (C.M. BUENOS AYRES)<\/li>\n<li>Tesorero: Dr. Arnoldo J. Bauni (CEPRIMED)<\/li>\n<li>Vocales: Dr. Marcelo Devoto (NUBIAL) y Dr. Alberto Matayoshi (OMAJA)<\/li>\n<\/ul>\n<p><b>LAS SEDES<\/b><\/p>\n<p>Las reuniones se realizaban en la sede de la O.M. SAN JORGE hasta agosto de 1985, desde entonces hasta octubre de 1986 en GALENO y luego el 5 de noviembre de 1986 se fij\u00f3 la sede exclusiva de ADEMP en la Av. Santa Fe 1780. Finalmente el 27 de septiembre de 2002, se logr\u00f3 el viejo anhelo de ADEMP, con la compra de un inmueble para sus oficinas, en Cerrito 774 Capital Federal, piso 12 auditorio, piso 13 administraci\u00f3n, lugar donde desde entonces, ADEMP desarrolla sus actividades.<\/p>\n<p><b>LAS ENTIDADES Y SU DISTRIBUCI\u00d3N GEOGRAFICA<\/b><\/p>\n<p>La mayor\u00eda de aquellas 21 instituciones fundadoras han cesado sus actividades por fusiones, cierres y ventas. Una constante en la composici\u00f3n de ADEMP fue la presencia de entidades del Interior del pa\u00eds.<\/p>\n<p><b>LOS PRESIDENTES<\/b><\/p>\n<p>La primera presidencia ejercida por el Dr. Alberto J. Mazza se extendi\u00f3 por sucesivas reelecciones hasta el 27 de noviembre de 1991, fecha en la que renunci\u00f3 al ser designado Secretario de Salud de la Naci\u00f3n y luego Ministro de Salud y Acci\u00f3n Social de la Naci\u00f3n.<\/p>\n<p>Lo sucedi\u00f3 el Vicepresidente 1\u00ba Dr. Arnoldo J. Bauni, hasta concluir el mandato. Luego fue electo para un nuevo per\u00edodo, que no complet\u00f3 por haberse desvinculado de la empresa que representaba. Asumi\u00f3 la Presidencia el 2 de noviembre de 1994, el Sr. Carlos Silveira, que por razones de \u00edndole personal renunci\u00f3 al cargo el 12 de diciembre de 1994. Complet\u00f3 el per\u00edodo el Dr. Pablo Giordano al que en las Asambleas de los a\u00f1os 1996, 1999, 2002, 2005 y 2008 fue relegido hasta el 10\/12\/11 que al no postularse, asumi\u00f3 el cargo el Cdor. N\u00e9stor Gallardo.<\/p>\n<p><b>Continuar leyendo acerca de:<\/b><\/p>\n<ul>\n<li><a href=\"https:\/\/ademp.com.ar\/espiritu-de-ademp.html\">El ESPIRITU DE ADEMP Y LAS GESTIONES DE LA COMISION DIRECTIVA DE ADEMP<\/a><\/li>\n<li><a href=\"https:\/\/ademp.com.ar\/sector-salud-argentino.html\">CONSEJO ALAMI<\/a><\/li>\n<\/ul>\n","protected":false},"excerpt":{"rendered":"<p>Historia de ADEMP La Asociaci\u00f3n de Entidades de Medicina Prepaga, nacida con este nombre y que luego pas\u00f3 a llamarse Asociaci\u00f3n de Entidades de Medicina Privada (a\u00f1o 2005 &#8211; refoma de Estatuto) con los a\u00f1os, m\u00e1s&#46;&#46;&#46;<\/p>\n","protected":false},"author":2,"featured_media":0,"parent":0,"menu_order":0,"comment_status":"closed","ping_status":"closed","template":"","meta":{"footnotes":""},"class_list":["post-162","page","type-page","status-publish","hentry"],"_links":{"self":[{"href":"https:\/\/ademp.com.ar\/index.php?rest_route=\/wp\/v2\/pages\/162","targetHints":{"allow":["GET"]}}],"collection":[{"href":"https:\/\/ademp.com.ar\/index.php?rest_route=\/wp\/v2\/pages"}],"about":[{"href":"https:\/\/ademp.com.ar\/index.php?rest_route=\/wp\/v2\/types\/page"}],"author":[{"embeddable":true,"href":"https:\/\/ademp.com.ar\/index.php?rest_route=\/wp\/v2\/users\/2"}],"replies":[{"embeddable":true,"href":"https:\/\/ademp.com.ar\/index.php?rest_route=%2Fwp%2Fv2%2Fcomments&post=162"}],"version-history":[{"count":3,"href":"https:\/\/ademp.com.ar\/index.php?rest_route=\/wp\/v2\/pages\/162\/revisions"}],"predecessor-version":[{"id":178,"href":"https:\/\/ademp.com.ar\/index.php?rest_route=\/wp\/v2\/pages\/162\/revisions\/178"}],"wp:attachment":[{"href":"https:\/\/ademp.com.ar\/index.php?rest_route=%2Fwp%2Fv2%2Fmedia&parent=162"}],"curies":[{"name":"wp","href":"https:\/\/api.w.org\/{rel}","templated":true}]}}