{"id":190,"date":"2018-04-22T20:52:29","date_gmt":"2018-04-22T23:52:29","guid":{"rendered":"http:\/\/ademp.com.ar\/?page_id=190"},"modified":"2018-05-01T20:06:03","modified_gmt":"2018-05-01T23:06:03","slug":"investigaciones","status":"publish","type":"page","link":"https:\/\/ademp.com.ar\/?page_id=190","title":{"rendered":"Investigaciones"},"content":{"rendered":"<p><strong>ENFOQUES DE POLITICAS SANITARIAS<\/strong><\/p>\n<p><strong>Les presentamos las publicaciones de enfoques de policas sanitarias correspondientes a los diferentes numeros de la revista de ADEMP.<\/strong><\/p>\n<p>Haciendo click sobre cada uno de los titulos podr\u00e1 descargar el documento completo correspondiente.<\/p>\n<ul>\n<li><a href=\"https:\/\/ademp.com.ar\/archivos\/enfoques\/Enfoque5.pdf\" target=\"_blank\" rel=\"noopener\">Enfoques sobre la medicina prepaga N\u00ba 5<\/a><br \/>\nA\u00f1o 13, noviembre 2007, n\u00famero 78<br \/>\nInequidad en el sistema de salud argentino: El PMO y las reglas de cobertura.<\/li>\n<li><a href=\"https:\/\/ademp.com.ar\/archivos\/enfoques\/Enfoque6.pdf\" target=\"_blank\" rel=\"noopener\">Enfoques sobre la medicina prepaga N\u00ba 6<\/a><br \/>\nA\u00f1o 13, diciembre 2007, n\u00famero 79<br \/>\nLas coberturas privadas: balance 2007. Agenda para el 2008.<\/li>\n<li><a href=\"https:\/\/ademp.com.ar\/archivos\/enfoques\/Enfoque7.pdf\" target=\"_blank\" rel=\"noopener\">Enfoques sobre la medicina prepaga N\u00ba 7<\/a><br \/>\nA\u00f1o 14, marzo 2008, n\u00famero 80<br \/>\nPrecios en d\u00f3lares de bienes b\u00e1sicos a los niveles del 2001.<\/li>\n<li><a href=\"https:\/\/ademp.com.ar\/archivos\/enfoques\/Enfoque8.pdf\" target=\"_blank\" rel=\"noopener\">Enfoques sobre la medicina prepaga N\u00ba 8<\/a><br \/>\nA\u00f1o 14, mayo 2008, n\u00famero 81<br \/>\nDos de cada tres personas no pueden optar por su cobertura de salud.<\/li>\n<li><a href=\"https:\/\/ademp.com.ar\/archivos\/enfoques\/Enfoque9.pdf\" target=\"_blank\" rel=\"noopener\">Enfoques sobre la medicina prepaga N\u00ba 9<\/a><br \/>\nA\u00f1o 14, julio 2008, n\u00famero 82<br \/>\nEfectos no deseados de establecer por ley la obligatoriedad de coberturas.<br \/>\nEl caso de las t\u00e9cnicas de fertilizaci\u00f3n in vitro.<\/li>\n<li><a href=\"https:\/\/ademp.com.ar\/archivos\/enfoques\/Enfoque10.pdf\" target=\"_blank\" rel=\"noopener\">Enfoques sobre la medicina prepaga N\u00ba 10<\/a><br \/>\nA\u00f1o 14, septiembre 2008, n\u00famero 83<br \/>\nLos planes privados voluntarios de salud no reemplazan al rol del sistema p\u00fablico de salud.<\/li>\n<li><a href=\"https:\/\/ademp.com.ar\/archivos\/enfoques\/Enfoque11.pdf\" target=\"_blank\" rel=\"noopener\">Enfoques sobre la medicina prepaga N\u00ba 11<\/a><br \/>\nA\u00f1o 14, noviembre 2008, n\u00famero 84<br \/>\nPlanes privados de salud con aportes de la seguridad social promueven un uso racional de los recursos de la salud.<\/li>\n<li><a href=\"https:\/\/ademp.com.ar\/archivos\/enfoques\/Enfoque12.pdf\" target=\"_blank\" rel=\"noopener\">Enfoques sobre la medicina prepaga N\u00ba 12<\/a><br \/>\nA\u00f1o 14, diciembre 2008, n\u00famero 85<br \/>\nLa crisis financiera no es una oportunidad para cambiar las reglas de juego en salud.<\/li>\n<li><a href=\"https:\/\/ademp.com.ar\/archivos\/enfoques\/Enfoque13.pdf\" target=\"_blank\" rel=\"noopener\">Enfoques sobre la medicina prepaga N\u00ba 13<\/a><br \/>\nA\u00f1o 15, noviembre 2009, n\u00famero 90<br \/>\nLa estructura impositiva argentina encarece los planes de salud privados.<\/li>\n<li><a href=\"https:\/\/ademp.com.ar\/archivos\/enfoques\/Enfoque14.pdf\" target=\"_blank\" rel=\"noopener\">Enfoques sobre la medicina prepaga N\u00ba 14<\/a><br \/>\nA\u00f1o 15, diciembre 2009, n\u00famero 91<br \/>\nLas ense\u00f1anzas del plan Obama para el sistema de salud argentino.<\/li>\n<li><a href=\"https:\/\/ademp.com.ar\/archivos\/enfoques\/Enfoque15.pdf\" target=\"_blank\" rel=\"noopener\">Enfoques sobre la medicina prepaga N\u00ba 15<\/a><br \/>\nA\u00f1o 16, marzo 2010, n\u00famero 92<br \/>\nBuenas pol\u00edticas de salud p\u00fablica generan menor gasto en atenci\u00f3n m\u00e9dica.<\/li>\n<li><a href=\"https:\/\/ademp.com.ar\/archivos\/enfoques\/Enfoque17.pdf\" target=\"_blank\" rel=\"noopener\">Enfoques sobre la medicina prepaga N\u00ba 17<\/a><br \/>\nA\u00f1o 16, mayo 2010, n\u00famero 93<br \/>\nLa asim\u00e9trica distribuci\u00f3n regional de los m\u00e9dicos en la argentina.<\/li>\n<li><a href=\"https:\/\/ademp.com.ar\/archivos\/enfoques\/Enfoque18.pdf\" target=\"_blank\" rel=\"noopener\">Enfoques sobre la medicina prepaga N\u00ba 18<\/a><br \/>\nA\u00f1o 16, julio 2010, n\u00famero 94<br \/>\nLa problem\u00e1tica de las pr\u00f3tesis y ortesis.<\/li>\n<li><a href=\"https:\/\/ademp.com.ar\/archivos\/enfoques\/Enfoque19.pdf\" target=\"_blank\" rel=\"noopener\">Enfoques sobre la medicina prepaga N\u00ba 19<\/a><br \/>\nA\u00f1o 16, septiembre 2010, n\u00famero 95<br \/>\n\u00bfCu\u00e1nto cuesta formar un m\u00e9dico en Argentina?<\/li>\n<li><a href=\"https:\/\/ademp.com.ar\/archivos\/enfoques\/Enfoque20.pdf\" target=\"_blank\" rel=\"noopener\">Enfoques sobre la medicina prepaga N\u00ba 20<\/a><br \/>\nA\u00f1o 16, noviembre 2010, n\u00famero 96<br \/>\nArticulaci\u00f3n p\u00fablico-privado para salir de la crisis del sistema p\u00fablico de salud.<\/li>\n<li><a href=\"https:\/\/ademp.com.ar\/archivos\/enfoques\/Enfoque21.pdf\" target=\"_blank\" rel=\"noopener\">Enfoques de pol\u00edticas sanitarias N\u00ba 21<\/a><br \/>\nA\u00f1o 17, marzo 2011, n\u00famero 98<br \/>\nUn enfoque para analizar el proyecto de regulaci\u00f3n de la medicina privada.<\/li>\n<li><a href=\"https:\/\/ademp.com.ar\/archivos\/enfoques\/Enfoque22.pdf\" target=\"_blank\" rel=\"noopener\">Enfoques de pol\u00edticas sanitarias N\u00ba 22<\/a><br \/>\nA\u00f1o 17, mayo 2011, n\u00famero 99<br \/>\nIdeas para atenuar el da\u00f1o de una regulaci\u00f3n deficiente.<\/li>\n<li><a href=\"https:\/\/ademp.com.ar\/archivos\/enfoques\/Enfoque23.pdf\" target=\"_blank\" rel=\"noopener\">Enfoques de pol\u00edticas sanitarias N\u00ba 23<\/a><br \/>\nA\u00f1o 17, julio 2011, n\u00famero 100 Copagos.<br \/>\nUn instrumento necesario para el uso responsable de los recursos sanitarios.<\/li>\n<li><a href=\"https:\/\/ademp.com.ar\/archivos\/enfoques\/Enfoque24.pdf\" target=\"_blank\" rel=\"noopener\">Enfoques de pol\u00edticas sanitarias N\u00ba 24<\/a><br \/>\nA\u00f1o 17, septiembre 2011, n\u00famero 101<br \/>\nLa reforma de salud de Uruguay: algunas ense\u00f1anzas para la Argentina.<\/li>\n<li><a href=\"https:\/\/ademp.com.ar\/archivos\/enfoques\/Enfoque25.pdf\" target=\"_blank\" rel=\"noopener\">Enfoques de pol\u00edticas sanitarias N\u00ba 25<\/a><br \/>\nA\u00f1o 17, noviembre 2011, n\u00famero 102<br \/>\nReglamentaci\u00f3n de la nueva ley de prepagas: c\u00f3mo enmendar el error de prohibir los planes parciales.<\/li>\n<li><a href=\"https:\/\/ademp.com.ar\/archivos\/enfoques\/Enfoque26.pdf\" target=\"_blank\" rel=\"noopener\">Enfoques de pol\u00edticas sanitarias N\u00ba 26<\/a><br \/>\nA\u00f1o 17, diciembre 2011, n\u00famero 103<br \/>\nCrear un sistema nacional de medicamentos de alta complejidad.<\/li>\n<li><a href=\"https:\/\/ademp.com.ar\/archivos\/enfoques\/enfoque27.pdf\" target=\"_blank\" rel=\"noopener\">Enfoques de pol\u00edticas sanitarias N\u00ba 27<\/a><br \/>\nA\u00f1o 18, marzo 2012, n\u00famero 104<br \/>\nEl peso de la burocracia sobre las empresas de salud.<\/li>\n<li><a href=\"https:\/\/ademp.com.ar\/archivos\/enfoques\/enfoque28.pdf\" target=\"_blank\" rel=\"noopener\">Enfoques de pol\u00edticas sanitarias N\u00ba 28<\/a><br \/>\nA\u00f1o 18, mayo 2012, n\u00famero 105<br \/>\nUn ejemplo de sistema de salud publico-privado: el caso de Colombia<\/li>\n<li><a href=\"https:\/\/ademp.com.ar\/archivos\/enfoques\/enfoque29.pdf\" target=\"_blank\" rel=\"noopener\">Enfoques de pol\u00edticas sanitarias N\u00ba 29<\/a><br \/>\nA\u00f1o 18, julio 2012, n\u00famero 106<br \/>\nEn la tercera edad el consumo m\u00e9dico es hasta 18 veces mayor<\/li>\n<li><a href=\"https:\/\/ademp.com.ar\/archivos\/enfoques\/enfoque30.pdf\" target=\"_blank\" rel=\"noopener\">Enfoques de pol\u00edticas sanitarias N\u00ba 30<\/a><br \/>\nA\u00f1o 18, septiembre 2012, n\u00famero 107<br \/>\nLa antiguedad en la afiliaci\u00f3n trae asociada aumentos de gastos m\u00e9dicos.<\/li>\n<li><a href=\"https:\/\/ademp.com.ar\/archivos\/enfoques\/enfoque31.pdf\" target=\"_blank\" rel=\"noopener\">Enfoques de pol\u00edticas sanitarias N\u00ba 31<\/a><br \/>\nA\u00f1o 18, noviembre 2012, n\u00famero 108<br \/>\n3% de la poblaci\u00f3n utiliza el 39% del costo m\u00e9dico<\/li>\n<li><a href=\"https:\/\/ademp.com.ar\/archivos\/enfoques\/enfoque32.pdf\" target=\"_blank\" rel=\"noopener\">Enfoques de pol\u00edticas sanitarias N\u00ba 32<\/a><br \/>\nA\u00f1o 18, diciembre 2012, n\u00famero 109<br \/>\nEn 9 a\u00f1os se multiplicaron los recursos para el sistema p\u00fablico y de seguridad social<\/li>\n<li><a href=\"https:\/\/ademp.com.ar\/archivos\/enfoques\/enfoque33.pdf\" target=\"_blank\" rel=\"noopener\">Enfoques de pol\u00edticas sanitarias N\u00ba 33<\/a><br \/>\nA\u00f1o 19, marzo 2013, n\u00famero 110<br \/>\nMedicina desde los costos: los servicios ambulatorios<\/li>\n<li><a href=\"https:\/\/ademp.com.ar\/archivos\/enfoques\/enfoque34.pdf\" target=\"_blank\" rel=\"noopener\">Enfoques de pol\u00edticas sanitarias N\u00ba 34<\/a><br \/>\nA\u00f1o 19, mayo 2013, n\u00famero 111<br \/>\nMedicina desde los costos: los servicios de internaci\u00f3n.<\/li>\n<li><a href=\"https:\/\/ademp.com.ar\/archivos\/enfoques\/enfoque35.pdf\" target=\"_blank\" rel=\"noopener\">Enfoques de pol\u00edticas sanitarias N\u00ba 35<\/a><br \/>\nA\u00f1o 19, mayo 2013, n\u00famero 112<br \/>\nMedicina desde los costos: el gasto en medicamentos.<\/li>\n<li><a href=\"https:\/\/ademp.com.ar\/enfoques-n36.html\" target=\"_blank\" rel=\"noopener\">Enfoques de pol\u00edticas sanitarias N\u00ba 36<\/a><br \/>\nA\u00f1o 19, septiembre 2013, n\u00famero 113<br \/>\nLa econom\u00eda argentina despu\u00e9s de las elecciones.<\/li>\n<li><a href=\"https:\/\/ademp.com.ar\/enfoques-n37.html\" target=\"_blank\" rel=\"noopener\">Enfoques de pol\u00edticas sanitarias N\u00ba 37<\/a><br \/>\nA\u00f1o 19, noviembre 2013, n\u00famero 114<br \/>\nLas posibilidades y ventajas de un sistema de reaseguros privados.<\/li>\n<li><a href=\"https:\/\/ademp.com.ar\/enfoques-n38.html\" target=\"_blank\" rel=\"noopener\">Enfoques de pol\u00edticas sanitarias N\u00ba 38<\/a><br \/>\nA\u00f1o 19, diciembre 2013, n\u00famero 115<br \/>\nLa evoluci\u00f3n de los salarios en el sector de la salud privada.<\/li>\n<li><a href=\"https:\/\/ademp.com.ar\/enfoques-n39.html\" target=\"_blank\" rel=\"noopener\">Enfoques de pol\u00edticas sanitarias N\u00ba 39<\/a><br \/>\nA\u00f1o 19, abril 2014, n\u00famero 116<br \/>\nDebajo de la puja de precios, marcha una tendencia al aumento estructural del costo m\u00e9dico.<\/li>\n<li><a href=\"https:\/\/ademp.com.ar\/enfoques-n40.html\" target=\"_blank\" rel=\"noopener\">Enfoques de pol\u00edticas sanitarias N\u00ba40<\/a><br \/>\nA\u00f1o 19, mayo 2014, n\u00famero 117<br \/>\nCon la reversi\u00f3n del ciclo econ\u00f3mico caer\u00e1 la cobertura<\/li>\n<li><a href=\"https:\/\/ademp.com.ar\/revistas\/pdf_revistas\/ademp118.pdf\" target=\"_blank\" rel=\"noopener\">Enfoques de pol\u00edticas sanitarias N\u00ba 41<\/a><br \/>\nA\u00f1o 19, junio 2014, n\u00famero 118<br \/>\nEl estancamiento del empleo formal desequilibra la medicina privada<\/li>\n<li><a href=\"https:\/\/ademp.com.ar\/politicas-sanitarias-42.html\" target=\"_blank\" rel=\"noopener\">Enfoques de pol\u00edticas sanitarias N\u00ba 42<\/a><br \/>\nA\u00f1o 19, agosto 2014, n\u00famero 119<br \/>\nRetraso de precios en la medicina privada por aceleraci\u00f3n de la inflaci\u00f3n.<\/li>\n<\/ul>\n","protected":false},"excerpt":{"rendered":"<p>ENFOQUES DE POLITICAS SANITARIAS Les presentamos las publicaciones de enfoques de policas sanitarias correspondientes a los diferentes numeros de la revista de ADEMP. Haciendo click sobre cada uno de los titulos podr\u00e1 descargar el documento completo&#46;&#46;&#46;<\/p>\n","protected":false},"author":2,"featured_media":0,"parent":0,"menu_order":0,"comment_status":"closed","ping_status":"closed","template":"","meta":{"footnotes":""},"class_list":["post-190","page","type-page","status-publish","hentry"],"_links":{"self":[{"href":"https:\/\/ademp.com.ar\/index.php?rest_route=\/wp\/v2\/pages\/190","targetHints":{"allow":["GET"]}}],"collection":[{"href":"https:\/\/ademp.com.ar\/index.php?rest_route=\/wp\/v2\/pages"}],"about":[{"href":"https:\/\/ademp.com.ar\/index.php?rest_route=\/wp\/v2\/types\/page"}],"author":[{"embeddable":true,"href":"https:\/\/ademp.com.ar\/index.php?rest_route=\/wp\/v2\/users\/2"}],"replies":[{"embeddable":true,"href":"https:\/\/ademp.com.ar\/index.php?rest_route=%2Fwp%2Fv2%2Fcomments&post=190"}],"version-history":[{"count":3,"href":"https:\/\/ademp.com.ar\/index.php?rest_route=\/wp\/v2\/pages\/190\/revisions"}],"predecessor-version":[{"id":240,"href":"https:\/\/ademp.com.ar\/index.php?rest_route=\/wp\/v2\/pages\/190\/revisions\/240"}],"wp:attachment":[{"href":"https:\/\/ademp.com.ar\/index.php?rest_route=%2Fwp%2Fv2%2Fmedia&parent=190"}],"curies":[{"name":"wp","href":"https:\/\/api.w.org\/{rel}","templated":true}]}}